{"id":20595,"date":"2024-05-31T11:05:42","date_gmt":"2024-05-31T09:05:42","guid":{"rendered":"https:\/\/dev.there-for-you.com\/?page_id=20595"},"modified":"2024-08-02T09:39:15","modified_gmt":"2024-08-02T07:39:15","slug":"hansschmid","status":"publish","type":"page","link":"https:\/\/dev.there-for-you.com\/en\/expertinnen\/hansschmid\/","title":{"rendered":"Hans Schmid"},"content":{"rendered":"<p>Hans ist Biologe bei der Stiftung Arosa B\u00e4ren und dort in der Wissenschaftlichen Leitung t\u00e4tig. Seit Juli 2024 bringt er sein umfangreiches Fachwissen als Experte bei uns ein und tr\u00e4gt wesentlich zu unseren Tierschutzprojekten bei.<\/p>\n<p><strong>Erz\u00e4hl uns etwas \u00fcber dich und dein Fachgebiet.<\/strong><\/p>\n<p>Als dipl. Ingenieur Agronom ETH und Dr. sc. nat Universit\u00e4t Z\u00fcrich arbeitete ich in der Entwicklung von wirtschaftlichen und tiergerechten Haltungssystemen f\u00fcr Nutztiere sowie artgem\u00e4sse Gehege f\u00fcr Zootiere. Bis zur Pensionierung im Jahr 2021 leitete ich den Tierpflegebetrieb im Zoo Z\u00fcrich.<\/p>\n<p><strong>Was hat dich dazu bewegt, dich f\u00fcr dein Fachgebiet einzusetzen?<\/strong><\/p>\n<p>Meine Freude, mit Tieren zu arbeiten und eine qualitative Verbesserung der Tierhaltung zu bewirken.<\/p>\n<p><strong>Welche Kernherausforderungen in deinem Bereich m\u00fcssen aus deiner Sicht beachtet werden?<\/strong><\/p>\n<p>Das nat\u00fcrliche Verhalten von Tieren evolutiv verstehen. Mit diesem Verst\u00e4ndnis in einem Haltungssystem Voraussetzungen schaffen, damit die darin gehalenen Tiere ihr angeboren Bed\u00fcrfnisse ausleben k\u00f6nnen und t\u00e4glich nat\u00fcrlich besch\u00e4ftigt sind.<\/p>\n<p><strong>Was stimmt dich positiv f\u00fcr unsere Zukunft? Was sind Entwicklungen, \u00fcber die wir unsere Community Bescheid wissen sollte?<\/strong><\/p>\n<p>Mein Naturell bringt stets Zuversicht mit. Wir m\u00fcssen uns bem\u00fchen, der \u00d6ffentlichkeit nat\u00fcrliche Prozesse vor Augen zu halten.<\/p>\n","protected":false},"excerpt":{"rendered":"<p>Hans ist Biologe bei der Stiftung Arosa B\u00e4ren und dort in der Wissenschaftlichen Leitung t\u00e4tig. Seit Juli 2024 bringt er &hellip; <a href=\"https:\/\/dev.there-for-you.com\/en\/expertinnen\/hansschmid\/\" class=\"more-link\">Continue reading <span class=\"screen-reader-text\">Hans Schmid<\/span><\/a><\/p>\n","protected":false},"author":1369,"featured_media":20717,"parent":20593,"menu_order":0,"comment_status":"closed","ping_status":"closed","template":"page-templates\/partner-detail.php","meta":{"_acf_changed":false,"give_campaign_id":0,"footnotes":""},"tags":[],"class_list":["post-20595","page","type-page","status-publish","has-post-thumbnail","hentry"],"acf":[],"yoast_head":"<!-- This site is optimized with the Yoast SEO plugin v27.4 - https:\/\/yoast.com\/product\/yoast-seo-wordpress\/ -->\n<title>Hans Schmid &#8211; there-for-you.com<\/title>\n<meta name=\"robots\" content=\"noindex, follow, max-snippet:-1, max-image-preview:large, max-video-preview:-1\" \/>\n<meta property=\"og:locale\" content=\"en_US\" \/>\n<meta property=\"og:locale:alternate\" content=\"de_CH_informal\" \/>\n<meta property=\"og:type\" content=\"article\" \/>\n<meta property=\"og:title\" content=\"Hans Schmid\" \/>\n<meta property=\"og:description\" content=\"Hans ist Biologe bei der Stiftung Arosa B\u00e4ren und dort in der Wissenschaftlichen Leitung t\u00e4tig. Seit Juli 2024 bringt er &hellip; Continue reading Hans Schmid\" \/>\n<meta property=\"og:url\" content=\"https:\/\/dev.there-for-you.com\/en\/expertinnen\/hansschmid\/\" \/>\n<meta property=\"og:site_name\" content=\"there-for-you.com\" \/>\n<meta property=\"article:publisher\" content=\"https:\/\/www.facebook.com\/pg\/there.for.you.com.10\" \/>\n<meta property=\"article:modified_time\" content=\"2024-08-02T07:39:15+00:00\" \/>\n<meta property=\"og:image\" content=\"https:\/\/dev.there-for-you.com\/wp-content\/uploads\/2024\/07\/20190630-Hans-Schmid-1-bearbeitet-quadrat.jpg\" \/>\n\t<meta property=\"og:image:width\" content=\"1080\" \/>\n\t<meta property=\"og:image:height\" content=\"1080\" \/>\n\t<meta property=\"og:image:type\" content=\"image\/jpeg\" \/>\n<meta name=\"twitter:card\" content=\"summary_large_image\" \/>\n<meta name=\"twitter:label1\" content=\"Est. reading time\" \/>\n\t<meta name=\"twitter:data1\" content=\"2 minutes\" \/>\n<script type=\"application\/ld+json\" class=\"yoast-schema-graph\">{\"@context\":\"https:\\\/\\\/schema.org\",\"@graph\":[{\"@type\":\"WebPage\",\"@id\":\"https:\\\/\\\/dev.there-for-you.com\\\/expertinnen\\\/hansschmid\\\/\",\"url\":\"https:\\\/\\\/dev.there-for-you.com\\\/expertinnen\\\/hansschmid\\\/\",\"name\":\"Hans Schmid\",\"isPartOf\":{\"@id\":\"https:\\\/\\\/dev.there-for-you.com\\\/#website\"},\"primaryImageOfPage\":{\"@id\":\"https:\\\/\\\/dev.there-for-you.com\\\/expertinnen\\\/hansschmid\\\/#primaryimage\"},\"image\":{\"@id\":\"https:\\\/\\\/dev.there-for-you.com\\\/expertinnen\\\/hansschmid\\\/#primaryimage\"},\"thumbnailUrl\":\"https:\\\/\\\/dev.there-for-you.com\\\/wp-content\\\/uploads\\\/2024\\\/07\\\/20190630-Hans-Schmid-1-bearbeitet-quadrat.jpg\",\"datePublished\":\"2024-05-31T09:05:42+00:00\",\"dateModified\":\"2024-08-02T07:39:15+00:00\",\"breadcrumb\":{\"@id\":\"https:\\\/\\\/dev.there-for-you.com\\\/expertinnen\\\/hansschmid\\\/#breadcrumb\"},\"inLanguage\":\"en-US\",\"potentialAction\":[{\"@type\":\"ReadAction\",\"target\":[\"https:\\\/\\\/dev.there-for-you.com\\\/expertinnen\\\/hansschmid\\\/\"]}]},{\"@type\":\"ImageObject\",\"inLanguage\":\"en-US\",\"@id\":\"https:\\\/\\\/dev.there-for-you.com\\\/expertinnen\\\/hansschmid\\\/#primaryimage\",\"url\":\"https:\\\/\\\/dev.there-for-you.com\\\/wp-content\\\/uploads\\\/2024\\\/07\\\/20190630-Hans-Schmid-1-bearbeitet-quadrat.jpg\",\"contentUrl\":\"https:\\\/\\\/dev.there-for-you.com\\\/wp-content\\\/uploads\\\/2024\\\/07\\\/20190630-Hans-Schmid-1-bearbeitet-quadrat.jpg\",\"width\":1080,\"height\":1080},{\"@type\":\"BreadcrumbList\",\"@id\":\"https:\\\/\\\/dev.there-for-you.com\\\/expertinnen\\\/hansschmid\\\/#breadcrumb\",\"itemListElement\":[{\"@type\":\"ListItem\",\"position\":1,\"name\":\"Home\",\"item\":\"https:\\\/\\\/dev.there-for-you.com\\\/\"},{\"@type\":\"ListItem\",\"position\":2,\"name\":\"Expert*innen\",\"item\":\"https:\\\/\\\/dev.there-for-you.com\\\/expertinnen\\\/\"},{\"@type\":\"ListItem\",\"position\":3,\"name\":\"Hans Schmid\"}]},{\"@type\":\"WebSite\",\"@id\":\"https:\\\/\\\/dev.there-for-you.com\\\/#website\",\"url\":\"https:\\\/\\\/dev.there-for-you.com\\\/\",\"name\":\"there-for-you.com\",\"description\":\"Sharing is Caring\",\"publisher\":{\"@id\":\"https:\\\/\\\/dev.there-for-you.com\\\/#organization\"},\"potentialAction\":[{\"@type\":\"SearchAction\",\"target\":{\"@type\":\"EntryPoint\",\"urlTemplate\":\"https:\\\/\\\/dev.there-for-you.com\\\/?s={search_term_string}\"},\"query-input\":{\"@type\":\"PropertyValueSpecification\",\"valueRequired\":true,\"valueName\":\"search_term_string\"}}],\"inLanguage\":\"en-US\"},{\"@type\":\"Organization\",\"@id\":\"https:\\\/\\\/dev.there-for-you.com\\\/#organization\",\"name\":\"there-for-you.com\",\"url\":\"https:\\\/\\\/dev.there-for-you.com\\\/\",\"logo\":{\"@type\":\"ImageObject\",\"inLanguage\":\"en-US\",\"@id\":\"https:\\\/\\\/dev.there-for-you.com\\\/#\\\/schema\\\/logo\\\/image\\\/\",\"url\":\"https:\\\/\\\/www.there-for-you.com\\\/wp-content\\\/uploads\\\/2020\\\/04\\\/there_for_you_rgb.png\",\"contentUrl\":\"https:\\\/\\\/www.there-for-you.com\\\/wp-content\\\/uploads\\\/2020\\\/04\\\/there_for_you_rgb.png\",\"width\":201,\"height\":84,\"caption\":\"there-for-you.com\"},\"image\":{\"@id\":\"https:\\\/\\\/dev.there-for-you.com\\\/#\\\/schema\\\/logo\\\/image\\\/\"},\"sameAs\":[\"https:\\\/\\\/www.facebook.com\\\/pg\\\/there.for.you.com.10\"]}]}<\/script>\n<!-- \/ Yoast SEO plugin. -->","yoast_head_json":{"title":"Hans Schmid &#8211; there-for-you.com","robots":{"index":"noindex","follow":"follow","max-snippet":"max-snippet:-1","max-image-preview":"max-image-preview:large","max-video-preview":"max-video-preview:-1"},"og_locale":"en_US","og_type":"article","og_title":"[:de]Hans Schmid[:] - there-for-you.com","og_description":"Hans ist Biologe bei der Stiftung Arosa B\u00e4ren und dort in der Wissenschaftlichen Leitung t\u00e4tig. Seit Juli 2024 bringt er &hellip; Continue reading Hans Schmid","og_url":"https:\/\/dev.there-for-you.com\/en\/expertinnen\/hansschmid\/","og_site_name":"there-for-you.com","article_publisher":"https:\/\/www.facebook.com\/pg\/there.for.you.com.10","article_modified_time":"2024-08-02T07:39:15+00:00","og_image":[{"width":1080,"height":1080,"url":"https:\/\/dev.there-for-you.com\/wp-content\/uploads\/2024\/07\/20190630-Hans-Schmid-1-bearbeitet-quadrat.jpg","type":"image\/jpeg"}],"twitter_card":"summary_large_image","twitter_misc":{"Est. reading time":"2 minutes"},"schema":{"@context":"https:\/\/schema.org","@graph":[{"@type":"WebPage","@id":"https:\/\/dev.there-for-you.com\/expertinnen\/hansschmid\/","url":"https:\/\/dev.there-for-you.com\/expertinnen\/hansschmid\/","name":"Hans Schmid","isPartOf":{"@id":"https:\/\/dev.there-for-you.com\/#website"},"primaryImageOfPage":{"@id":"https:\/\/dev.there-for-you.com\/expertinnen\/hansschmid\/#primaryimage"},"image":{"@id":"https:\/\/dev.there-for-you.com\/expertinnen\/hansschmid\/#primaryimage"},"thumbnailUrl":"https:\/\/dev.there-for-you.com\/wp-content\/uploads\/2024\/07\/20190630-Hans-Schmid-1-bearbeitet-quadrat.jpg","datePublished":"2024-05-31T09:05:42+00:00","dateModified":"2024-08-02T07:39:15+00:00","breadcrumb":{"@id":"https:\/\/dev.there-for-you.com\/expertinnen\/hansschmid\/#breadcrumb"},"inLanguage":"en-US","potentialAction":[{"@type":"ReadAction","target":["https:\/\/dev.there-for-you.com\/expertinnen\/hansschmid\/"]}]},{"@type":"ImageObject","inLanguage":"en-US","@id":"https:\/\/dev.there-for-you.com\/expertinnen\/hansschmid\/#primaryimage","url":"https:\/\/dev.there-for-you.com\/wp-content\/uploads\/2024\/07\/20190630-Hans-Schmid-1-bearbeitet-quadrat.jpg","contentUrl":"https:\/\/dev.there-for-you.com\/wp-content\/uploads\/2024\/07\/20190630-Hans-Schmid-1-bearbeitet-quadrat.jpg","width":1080,"height":1080},{"@type":"BreadcrumbList","@id":"https:\/\/dev.there-for-you.com\/expertinnen\/hansschmid\/#breadcrumb","itemListElement":[{"@type":"ListItem","position":1,"name":"Home","item":"https:\/\/dev.there-for-you.com\/"},{"@type":"ListItem","position":2,"name":"Expert*innen","item":"https:\/\/dev.there-for-you.com\/expertinnen\/"},{"@type":"ListItem","position":3,"name":"Hans Schmid"}]},{"@type":"WebSite","@id":"https:\/\/dev.there-for-you.com\/#website","url":"https:\/\/dev.there-for-you.com\/","name":"there-for-you.com","description":"Sharing is Caring","publisher":{"@id":"https:\/\/dev.there-for-you.com\/#organization"},"potentialAction":[{"@type":"SearchAction","target":{"@type":"EntryPoint","urlTemplate":"https:\/\/dev.there-for-you.com\/?s={search_term_string}"},"query-input":{"@type":"PropertyValueSpecification","valueRequired":true,"valueName":"search_term_string"}}],"inLanguage":"en-US"},{"@type":"Organization","@id":"https:\/\/dev.there-for-you.com\/#organization","name":"there-for-you.com","url":"https:\/\/dev.there-for-you.com\/","logo":{"@type":"ImageObject","inLanguage":"en-US","@id":"https:\/\/dev.there-for-you.com\/#\/schema\/logo\/image\/","url":"https:\/\/www.there-for-you.com\/wp-content\/uploads\/2020\/04\/there_for_you_rgb.png","contentUrl":"https:\/\/www.there-for-you.com\/wp-content\/uploads\/2020\/04\/there_for_you_rgb.png","width":201,"height":84,"caption":"there-for-you.com"},"image":{"@id":"https:\/\/dev.there-for-you.com\/#\/schema\/logo\/image\/"},"sameAs":["https:\/\/www.facebook.com\/pg\/there.for.you.com.10"]}]}},"campaignId":"","_links":{"self":[{"href":"https:\/\/dev.there-for-you.com\/en\/wp-json\/wp\/v2\/pages\/20595","targetHints":{"allow":["GET"]}}],"collection":[{"href":"https:\/\/dev.there-for-you.com\/en\/wp-json\/wp\/v2\/pages"}],"about":[{"href":"https:\/\/dev.there-for-you.com\/en\/wp-json\/wp\/v2\/types\/page"}],"author":[{"embeddable":true,"href":"https:\/\/dev.there-for-you.com\/en\/wp-json\/wp\/v2\/users\/1369"}],"replies":[{"embeddable":true,"href":"https:\/\/dev.there-for-you.com\/en\/wp-json\/wp\/v2\/comments?post=20595"}],"version-history":[{"count":4,"href":"https:\/\/dev.there-for-you.com\/en\/wp-json\/wp\/v2\/pages\/20595\/revisions"}],"predecessor-version":[{"id":20779,"href":"https:\/\/dev.there-for-you.com\/en\/wp-json\/wp\/v2\/pages\/20595\/revisions\/20779"}],"up":[{"embeddable":true,"href":"https:\/\/dev.there-for-you.com\/en\/wp-json\/wp\/v2\/pages\/20593"}],"wp:featuredmedia":[{"embeddable":true,"href":"https:\/\/dev.there-for-you.com\/en\/wp-json\/wp\/v2\/media\/20717"}],"wp:attachment":[{"href":"https:\/\/dev.there-for-you.com\/en\/wp-json\/wp\/v2\/media?parent=20595"}],"wp:term":[{"taxonomy":"post_tag","embeddable":true,"href":"https:\/\/dev.there-for-you.com\/en\/wp-json\/wp\/v2\/tags?post=20595"}],"curies":[{"name":"wp","href":"https:\/\/api.w.org\/{rel}","templated":true}]}}