{"id":20599,"date":"2024-05-31T11:14:32","date_gmt":"2024-05-31T09:14:32","guid":{"rendered":"https:\/\/dev.there-for-you.com\/?page_id=20599"},"modified":"2024-08-02T09:38:42","modified_gmt":"2024-08-02T07:38:42","slug":"koniosterwalder","status":"publish","type":"page","link":"https:\/\/dev.there-for-you.com\/en\/expertinnen\/koniosterwalder\/","title":{"rendered":"Koni Osterwalder"},"content":{"rendered":"\n<p>Koni ist Co-Gesch\u00e4ftsf\u00fchrer bei BirdLife Z\u00fcrich und spezialisiert auf Naturschutz und Biodiversit\u00e4t. Seit Juli 2024 unterst\u00fctzt er uns als Experte mit seinem breiten Fachwissen und tr\u00e4gt massgeblich zu unseren Projekten in den Bereichen Artenschutz und Biodiversit\u00e4t bei. Erfahre mehr \u00fcber Koni im nachfolgenden Interview.<\/p>\n\n\n\n<p><\/p>\n\n\n\n<p><strong>Erz\u00e4hl uns etwas \u00fcber dich und dein Fachgebiet.<\/strong><\/p>\n\n\n\n<p>Ich bin Umweltnaturwissenschafter und seit 2016 Co-Gesch\u00e4ftsf\u00fchrer von BirdLife Z\u00fcrich. Wir f\u00fchren eine Vielzahl von Projekten im Bereich Artenf\u00f6rderung, Naturf\u00f6rderung und Biodiversit\u00e4t. Der Einsatz f\u00fcr die Biodiversit\u00e4t erfordert einiges: es braucht geeigente Fl\u00e4chen, offene Eigent\u00fcmerschaften, viel Fachwissen \u00fcber Arten und deren \u00d6kologie sowie einen langen Atem. Weil jeder Quadratmeter Fl\u00e4che von vielen Interessen unter Druck ist, ist eine starke Vertretung der Arten extrem wichtig. Das versuche ich zu leisten.<br><\/p>\n\n\n\n<p><strong>Was hat dich dazu bewegt, dich f\u00fcr dein Fachgebiet einzusetzen?<\/strong><\/p>\n\n\n\n<p>Die Biodiversit\u00e4t ist weltweit unter grossem Druck. Der Schwund der Arten hat sich in den letzen 50 Jahren in einem Mass beschleunigt, das es noch nie gegeben hat. Dabei ist die Vielfalt von Pfanzen, Tieren und Lebensr\u00e4umen unsere Grundlage. Ich m\u00f6chte mich daf\u00fcr einsetzen, dass sie erhalten und gef\u00f6rdert wird und mich so f\u00fcr die Lebensgrundlagen der kommenden Generationen einsetzen.<\/p>\n\n\n\n<p><\/p>\n\n\n\n<p><strong>Welche Kernherausforderungen in deinem Bereich m\u00fcssen aus deiner Sicht beachtet werden?<\/strong><\/p>\n\n\n\n<p>Der \u00f6konomische Druck in einer bev\u00f6lkerungsm\u00e4ssig wachsenden Welt wird immer gr\u00f6sser. Um unsere Lebensgrundlagen zu sch\u00fctzen braucht es deshalb Anstrengungen auf allen Ebenen: lokal, national aber auch global. Nur wenn es gelingt, auf allen Ebenen gute Konzepte zum Schutz der Natur zu implementieren, wird es gelingen, eine hohe Biodiversit\u00e4t zu erhalten.<\/p>\n\n\n\n<p><\/p>\n\n\n\n<p><strong>Was stimmt dich positiv f\u00fcr unsere Zukunft? Was sind Entwicklungen, \u00fcber die wir unsere Community Bescheid wissen sollte?<\/strong><\/p>\n\n\n\n<p>Bei BirdLife Z\u00fcrich sind Personen im Kanton Z\u00fcrich vereint, die sich aus freien St\u00fccken und mit viel Herzblut f\u00fcr den Schutz und die F\u00f6rderung der Biodiversit\u00e4t einsetzen. Auch im gesellschaftlichen Dialog erlebe ich immer wieder grosse Bereitschaft f\u00fcr konkretes Wirken zu Gunsten der Biodiversit\u00e4t. Das stimmt mich im Grundsatz positiv. Kritisch sehe ich die zeitliche Perspektive. Unser Handeln muss sich rasch beschleunigen, denn wenn eine Art ausgestorben ist, ist sie f\u00fcr immer weg.<br><\/p>\n\n\n\n<p><br><\/p>\n","protected":false},"excerpt":{"rendered":"<p>Koni ist Co-Gesch\u00e4ftsf\u00fchrer bei BirdLife Z\u00fcrich und spezialisiert auf Naturschutz und Biodiversit\u00e4t. Seit Juli 2024 unterst\u00fctzt er uns als Experte &hellip; <a href=\"https:\/\/dev.there-for-you.com\/en\/expertinnen\/koniosterwalder\/\" class=\"more-link\">Continue reading <span class=\"screen-reader-text\">Koni Osterwalder<\/span><\/a><\/p>\n","protected":false},"author":1369,"featured_media":20716,"parent":20593,"menu_order":0,"comment_status":"closed","ping_status":"closed","template":"page-templates\/partner-detail.php","meta":{"_acf_changed":false,"give_campaign_id":0,"footnotes":""},"tags":[],"class_list":["post-20599","page","type-page","status-publish","has-post-thumbnail","hentry"],"acf":[],"yoast_head":"<!-- This site is optimized with the Yoast SEO plugin v27.4 - https:\/\/yoast.com\/product\/yoast-seo-wordpress\/ -->\n<title>Koni Osterwalder &#8211; there-for-you.com<\/title>\n<meta name=\"robots\" content=\"noindex, follow, max-snippet:-1, max-image-preview:large, max-video-preview:-1\" \/>\n<meta property=\"og:locale\" content=\"en_US\" \/>\n<meta property=\"og:locale:alternate\" content=\"de_CH_informal\" \/>\n<meta property=\"og:type\" content=\"article\" \/>\n<meta property=\"og:title\" content=\"Koni Osterwalder\" \/>\n<meta property=\"og:description\" content=\"Koni ist Co-Gesch\u00e4ftsf\u00fchrer bei BirdLife Z\u00fcrich und spezialisiert auf Naturschutz und Biodiversit\u00e4t. Seit Juli 2024 unterst\u00fctzt er uns als Experte &hellip; Continue reading Koni Osterwalder\" \/>\n<meta property=\"og:url\" content=\"https:\/\/dev.there-for-you.com\/en\/expertinnen\/koniosterwalder\/\" \/>\n<meta property=\"og:site_name\" content=\"there-for-you.com\" \/>\n<meta property=\"article:publisher\" content=\"https:\/\/www.facebook.com\/pg\/there.for.you.com.10\" \/>\n<meta property=\"article:modified_time\" content=\"2024-08-02T07:38:42+00:00\" \/>\n<meta property=\"og:image\" content=\"https:\/\/dev.there-for-you.com\/wp-content\/uploads\/2024\/07\/Portrait-KO-2023-bearbeitet-quadrat.jpg\" \/>\n\t<meta property=\"og:image:width\" content=\"1080\" \/>\n\t<meta property=\"og:image:height\" content=\"1080\" \/>\n\t<meta property=\"og:image:type\" content=\"image\/jpeg\" \/>\n<meta name=\"twitter:card\" content=\"summary_large_image\" \/>\n<meta name=\"twitter:label1\" content=\"Est. reading time\" \/>\n\t<meta name=\"twitter:data1\" content=\"3 minutes\" \/>\n<script type=\"application\/ld+json\" class=\"yoast-schema-graph\">{\"@context\":\"https:\\\/\\\/schema.org\",\"@graph\":[{\"@type\":\"WebPage\",\"@id\":\"https:\\\/\\\/dev.there-for-you.com\\\/expertinnen\\\/koniosterwalder\\\/\",\"url\":\"https:\\\/\\\/dev.there-for-you.com\\\/expertinnen\\\/koniosterwalder\\\/\",\"name\":\"Koni Osterwalder\",\"isPartOf\":{\"@id\":\"https:\\\/\\\/dev.there-for-you.com\\\/#website\"},\"primaryImageOfPage\":{\"@id\":\"https:\\\/\\\/dev.there-for-you.com\\\/expertinnen\\\/koniosterwalder\\\/#primaryimage\"},\"image\":{\"@id\":\"https:\\\/\\\/dev.there-for-you.com\\\/expertinnen\\\/koniosterwalder\\\/#primaryimage\"},\"thumbnailUrl\":\"https:\\\/\\\/dev.there-for-you.com\\\/wp-content\\\/uploads\\\/2024\\\/07\\\/Portrait-KO-2023-bearbeitet-quadrat.jpg\",\"datePublished\":\"2024-05-31T09:14:32+00:00\",\"dateModified\":\"2024-08-02T07:38:42+00:00\",\"breadcrumb\":{\"@id\":\"https:\\\/\\\/dev.there-for-you.com\\\/expertinnen\\\/koniosterwalder\\\/#breadcrumb\"},\"inLanguage\":\"en-US\",\"potentialAction\":[{\"@type\":\"ReadAction\",\"target\":[\"https:\\\/\\\/dev.there-for-you.com\\\/expertinnen\\\/koniosterwalder\\\/\"]}]},{\"@type\":\"ImageObject\",\"inLanguage\":\"en-US\",\"@id\":\"https:\\\/\\\/dev.there-for-you.com\\\/expertinnen\\\/koniosterwalder\\\/#primaryimage\",\"url\":\"https:\\\/\\\/dev.there-for-you.com\\\/wp-content\\\/uploads\\\/2024\\\/07\\\/Portrait-KO-2023-bearbeitet-quadrat.jpg\",\"contentUrl\":\"https:\\\/\\\/dev.there-for-you.com\\\/wp-content\\\/uploads\\\/2024\\\/07\\\/Portrait-KO-2023-bearbeitet-quadrat.jpg\",\"width\":1080,\"height\":1080},{\"@type\":\"BreadcrumbList\",\"@id\":\"https:\\\/\\\/dev.there-for-you.com\\\/expertinnen\\\/koniosterwalder\\\/#breadcrumb\",\"itemListElement\":[{\"@type\":\"ListItem\",\"position\":1,\"name\":\"Home\",\"item\":\"https:\\\/\\\/dev.there-for-you.com\\\/\"},{\"@type\":\"ListItem\",\"position\":2,\"name\":\"Expert*innen\",\"item\":\"https:\\\/\\\/dev.there-for-you.com\\\/expertinnen\\\/\"},{\"@type\":\"ListItem\",\"position\":3,\"name\":\"Koni Osterwalder\"}]},{\"@type\":\"WebSite\",\"@id\":\"https:\\\/\\\/dev.there-for-you.com\\\/#website\",\"url\":\"https:\\\/\\\/dev.there-for-you.com\\\/\",\"name\":\"there-for-you.com\",\"description\":\"Sharing is Caring\",\"publisher\":{\"@id\":\"https:\\\/\\\/dev.there-for-you.com\\\/#organization\"},\"potentialAction\":[{\"@type\":\"SearchAction\",\"target\":{\"@type\":\"EntryPoint\",\"urlTemplate\":\"https:\\\/\\\/dev.there-for-you.com\\\/?s={search_term_string}\"},\"query-input\":{\"@type\":\"PropertyValueSpecification\",\"valueRequired\":true,\"valueName\":\"search_term_string\"}}],\"inLanguage\":\"en-US\"},{\"@type\":\"Organization\",\"@id\":\"https:\\\/\\\/dev.there-for-you.com\\\/#organization\",\"name\":\"there-for-you.com\",\"url\":\"https:\\\/\\\/dev.there-for-you.com\\\/\",\"logo\":{\"@type\":\"ImageObject\",\"inLanguage\":\"en-US\",\"@id\":\"https:\\\/\\\/dev.there-for-you.com\\\/#\\\/schema\\\/logo\\\/image\\\/\",\"url\":\"https:\\\/\\\/www.there-for-you.com\\\/wp-content\\\/uploads\\\/2020\\\/04\\\/there_for_you_rgb.png\",\"contentUrl\":\"https:\\\/\\\/www.there-for-you.com\\\/wp-content\\\/uploads\\\/2020\\\/04\\\/there_for_you_rgb.png\",\"width\":201,\"height\":84,\"caption\":\"there-for-you.com\"},\"image\":{\"@id\":\"https:\\\/\\\/dev.there-for-you.com\\\/#\\\/schema\\\/logo\\\/image\\\/\"},\"sameAs\":[\"https:\\\/\\\/www.facebook.com\\\/pg\\\/there.for.you.com.10\"]}]}<\/script>\n<!-- \/ Yoast SEO plugin. -->","yoast_head_json":{"title":"Koni Osterwalder &#8211; there-for-you.com","robots":{"index":"noindex","follow":"follow","max-snippet":"max-snippet:-1","max-image-preview":"max-image-preview:large","max-video-preview":"max-video-preview:-1"},"og_locale":"en_US","og_type":"article","og_title":"[:de]Koni Osterwalder[:] - there-for-you.com","og_description":"Koni ist Co-Gesch\u00e4ftsf\u00fchrer bei BirdLife Z\u00fcrich und spezialisiert auf Naturschutz und Biodiversit\u00e4t. Seit Juli 2024 unterst\u00fctzt er uns als Experte &hellip; Continue reading Koni Osterwalder","og_url":"https:\/\/dev.there-for-you.com\/en\/expertinnen\/koniosterwalder\/","og_site_name":"there-for-you.com","article_publisher":"https:\/\/www.facebook.com\/pg\/there.for.you.com.10","article_modified_time":"2024-08-02T07:38:42+00:00","og_image":[{"width":1080,"height":1080,"url":"https:\/\/dev.there-for-you.com\/wp-content\/uploads\/2024\/07\/Portrait-KO-2023-bearbeitet-quadrat.jpg","type":"image\/jpeg"}],"twitter_card":"summary_large_image","twitter_misc":{"Est. reading time":"3 minutes"},"schema":{"@context":"https:\/\/schema.org","@graph":[{"@type":"WebPage","@id":"https:\/\/dev.there-for-you.com\/expertinnen\/koniosterwalder\/","url":"https:\/\/dev.there-for-you.com\/expertinnen\/koniosterwalder\/","name":"Koni Osterwalder","isPartOf":{"@id":"https:\/\/dev.there-for-you.com\/#website"},"primaryImageOfPage":{"@id":"https:\/\/dev.there-for-you.com\/expertinnen\/koniosterwalder\/#primaryimage"},"image":{"@id":"https:\/\/dev.there-for-you.com\/expertinnen\/koniosterwalder\/#primaryimage"},"thumbnailUrl":"https:\/\/dev.there-for-you.com\/wp-content\/uploads\/2024\/07\/Portrait-KO-2023-bearbeitet-quadrat.jpg","datePublished":"2024-05-31T09:14:32+00:00","dateModified":"2024-08-02T07:38:42+00:00","breadcrumb":{"@id":"https:\/\/dev.there-for-you.com\/expertinnen\/koniosterwalder\/#breadcrumb"},"inLanguage":"en-US","potentialAction":[{"@type":"ReadAction","target":["https:\/\/dev.there-for-you.com\/expertinnen\/koniosterwalder\/"]}]},{"@type":"ImageObject","inLanguage":"en-US","@id":"https:\/\/dev.there-for-you.com\/expertinnen\/koniosterwalder\/#primaryimage","url":"https:\/\/dev.there-for-you.com\/wp-content\/uploads\/2024\/07\/Portrait-KO-2023-bearbeitet-quadrat.jpg","contentUrl":"https:\/\/dev.there-for-you.com\/wp-content\/uploads\/2024\/07\/Portrait-KO-2023-bearbeitet-quadrat.jpg","width":1080,"height":1080},{"@type":"BreadcrumbList","@id":"https:\/\/dev.there-for-you.com\/expertinnen\/koniosterwalder\/#breadcrumb","itemListElement":[{"@type":"ListItem","position":1,"name":"Home","item":"https:\/\/dev.there-for-you.com\/"},{"@type":"ListItem","position":2,"name":"Expert*innen","item":"https:\/\/dev.there-for-you.com\/expertinnen\/"},{"@type":"ListItem","position":3,"name":"Koni Osterwalder"}]},{"@type":"WebSite","@id":"https:\/\/dev.there-for-you.com\/#website","url":"https:\/\/dev.there-for-you.com\/","name":"there-for-you.com","description":"Sharing is Caring","publisher":{"@id":"https:\/\/dev.there-for-you.com\/#organization"},"potentialAction":[{"@type":"SearchAction","target":{"@type":"EntryPoint","urlTemplate":"https:\/\/dev.there-for-you.com\/?s={search_term_string}"},"query-input":{"@type":"PropertyValueSpecification","valueRequired":true,"valueName":"search_term_string"}}],"inLanguage":"en-US"},{"@type":"Organization","@id":"https:\/\/dev.there-for-you.com\/#organization","name":"there-for-you.com","url":"https:\/\/dev.there-for-you.com\/","logo":{"@type":"ImageObject","inLanguage":"en-US","@id":"https:\/\/dev.there-for-you.com\/#\/schema\/logo\/image\/","url":"https:\/\/www.there-for-you.com\/wp-content\/uploads\/2020\/04\/there_for_you_rgb.png","contentUrl":"https:\/\/www.there-for-you.com\/wp-content\/uploads\/2020\/04\/there_for_you_rgb.png","width":201,"height":84,"caption":"there-for-you.com"},"image":{"@id":"https:\/\/dev.there-for-you.com\/#\/schema\/logo\/image\/"},"sameAs":["https:\/\/www.facebook.com\/pg\/there.for.you.com.10"]}]}},"campaignId":"","_links":{"self":[{"href":"https:\/\/dev.there-for-you.com\/en\/wp-json\/wp\/v2\/pages\/20599","targetHints":{"allow":["GET"]}}],"collection":[{"href":"https:\/\/dev.there-for-you.com\/en\/wp-json\/wp\/v2\/pages"}],"about":[{"href":"https:\/\/dev.there-for-you.com\/en\/wp-json\/wp\/v2\/types\/page"}],"author":[{"embeddable":true,"href":"https:\/\/dev.there-for-you.com\/en\/wp-json\/wp\/v2\/users\/1369"}],"replies":[{"embeddable":true,"href":"https:\/\/dev.there-for-you.com\/en\/wp-json\/wp\/v2\/comments?post=20599"}],"version-history":[{"count":6,"href":"https:\/\/dev.there-for-you.com\/en\/wp-json\/wp\/v2\/pages\/20599\/revisions"}],"predecessor-version":[{"id":20777,"href":"https:\/\/dev.there-for-you.com\/en\/wp-json\/wp\/v2\/pages\/20599\/revisions\/20777"}],"up":[{"embeddable":true,"href":"https:\/\/dev.there-for-you.com\/en\/wp-json\/wp\/v2\/pages\/20593"}],"wp:featuredmedia":[{"embeddable":true,"href":"https:\/\/dev.there-for-you.com\/en\/wp-json\/wp\/v2\/media\/20716"}],"wp:attachment":[{"href":"https:\/\/dev.there-for-you.com\/en\/wp-json\/wp\/v2\/media?parent=20599"}],"wp:term":[{"taxonomy":"post_tag","embeddable":true,"href":"https:\/\/dev.there-for-you.com\/en\/wp-json\/wp\/v2\/tags?post=20599"}],"curies":[{"name":"wp","href":"https:\/\/api.w.org\/{rel}","templated":true}]}}