{"id":20601,"date":"2024-05-31T11:14:59","date_gmt":"2024-05-31T09:14:59","guid":{"rendered":"https:\/\/dev.there-for-you.com\/?page_id=20601"},"modified":"2024-08-02T09:38:05","modified_gmt":"2024-08-02T07:38:05","slug":"simeonmax","status":"publish","type":"page","link":"https:\/\/dev.there-for-you.com\/en\/expertinnen\/simeonmax\/","title":{"rendered":"Simeon Max"},"content":{"rendered":"\n<p>Simeon unterst\u00fctzt uns seit Juni 2024 als selbstst\u00e4ndiger Forestry and Land Use Expert mit Spezialisierung auf Klimawandel, Biodiversit\u00e4t und Forstwirtschaft. Dank seines grossen Fachwissens und umfassenden Netzwerks leistet er wertvolle Beitr\u00e4ge zu unseren Projekten im Bereich Klimaschutz. Erfahre mehr \u00fcber Simeon im nachfolgenden Interview.<\/p>\n\n\n\n<p><\/p>\n\n\n\n<p><strong>Erz\u00e4hl uns etwas \u00fcber dich und dein Fachgebiet<\/strong><\/p>\n\n\n\n<p>Ich bin ein innovativer und strategischer Landnutzungs- und Naturschutz-Fachexperte mit internationaler Erfahrung in der Wiederherstellung von \u00d6kosystemen und deren Schutz. Dabei sind nicht nur \u00f6kologische Aspekte wichtig, sondern f\u00fcr wirklich nachhaltige Projekte auch soziale und \u00f6konomische Ans\u00e4tze. Mein Fokus liegt auf der Einbeziehung von lokalen Communities und indigenen Gruppen sowie auf modernen Technologien, die effizientes Arbeiten erm\u00f6glichen und Transparenz in die Auswirkungen herstellen. Gleichzeitig konzentriert sich meine Arbeit auf die Entwicklung skalierbarer Ans\u00e4tze durch die Kombination traditioneller, wissenschaftsbasierter und neuer innovativer Strategien zum Klima- und Biodiversit\u00e4tsschutz.<\/p>\n\n\n\n<p><strong>Was hat dich dazu bewegt, dich f\u00fcr dein Fachgebiet einzusetzen?<\/strong><\/p>\n\n\n\n<p>Aufgewachsen im Nordschwarzwald, begann mein professionelles Engagement f\u00fcr Umweltfragen mit meinem einj\u00e4hrigen Freiwilligendienst in einer Baumschule f\u00fcr einheimische B\u00e4ume auf den Philippinen. Dort und w\u00e4hrend meiner Arbeit in zehn weiteren L\u00e4ndern des Globalen S\u00fcdens habe ich viel Umweltzerst\u00f6rung und die verheerenden Auswirkungen des Klimawandels erfahren. Gleichzeitig habe ich aber auch gesehen, wie biodiverse Aufforstungen und agroforstliche Systeme B\u00f6den regenerieren, die Vielfalt von Tieren, Pilzen und Pflanzenarten wiederherstellen, zur Nahrungsmittelproduktion beitragen, nachhaltige M\u00e4rkte in l\u00e4ndlichen Gebieten erm\u00f6glichen und soziale Gerechtigkeit herstellen. Die Auswirkungen auf Biodiversit\u00e4t und Klima durch die Ausweitung solcher Ans\u00e4tze sind immens.<\/p>\n\n\n\n<p><strong>Welche Kernherausforderungen in deinem Bereich m\u00fcssen aus deiner Sicht beachtet werden?<\/strong><\/p>\n\n\n\n<p>Eine zentrale Herausforderung besteht darin, Transparenz zu schaffen, damit die Auswirkungen von Projekten sichtbar werden. Dies ist entscheidend, um mehr Spenden und Gelder freizuschalten und damit bessere und mehr Projekte zu erm\u00f6glichen. Es ist ebenso wichtig, sicherzustellen, dass die Communities, oft Kleinbauern, vor Ort gest\u00e4rkt werden, damit sie aktiv an der Umsetzung und dem Erfolg der Projekte beteiligt sind. Zudem denke ich muss ein Fokus auf die Produkt- und Marktorientierung gelegt werden, um sicherzustellen, dass solche Projekte auch wirtschaftlich profitabel und damit langfristig unabh\u00e4ngig von Spenden werden k\u00f6nnen.<\/p>\n\n\n\n<p><strong>Was stimmt dich positiv f\u00fcr unsere Zukunft? Was sind Entwicklungen, \u00fcber die wir und unsere Community Bescheid wissen sollten?<\/strong><\/p>\n\n\n\n<p>Ich bin positiv gestimmt durch die vielen motivierten Menschen, die sich weltweit f\u00fcr den Umweltschutz engagieren. Auch in der Politik werden bedeutende Fortschritte gemacht, wie zum Beispiel die neuen Regulierungen und Durchbr\u00fcche im Rahmen der UN Biodiversit\u00e4ts-COP Vorgaben, die den Schutz von 30% der Land- und Meeresfl\u00e4chen bis 2030 vorsehen. Diese Entwicklungen zeigen, dass wir auf dem richtigen Weg sind, um nachhaltige Ver\u00e4nderungen zu erreichen.<\/p>\n\n\n\n<p><\/p>\n","protected":false},"excerpt":{"rendered":"<p>Simeon unterst\u00fctzt uns seit Juni 2024 als selbstst\u00e4ndiger Forestry and Land Use Expert mit Spezialisierung auf Klimawandel, Biodiversit\u00e4t und Forstwirtschaft. &hellip; <a href=\"https:\/\/dev.there-for-you.com\/en\/expertinnen\/simeonmax\/\" class=\"more-link\">Continue reading <span class=\"screen-reader-text\">Simeon Max<\/span><\/a><\/p>\n","protected":false},"author":1369,"featured_media":20715,"parent":20593,"menu_order":0,"comment_status":"closed","ping_status":"closed","template":"page-templates\/partner-detail.php","meta":{"_acf_changed":false,"give_campaign_id":0,"footnotes":""},"tags":[],"class_list":["post-20601","page","type-page","status-publish","has-post-thumbnail","hentry"],"acf":[],"yoast_head":"<!-- This site is optimized with the Yoast SEO plugin v27.4 - https:\/\/yoast.com\/product\/yoast-seo-wordpress\/ -->\n<title>Simeon Max &#8211; there-for-you.com<\/title>\n<meta name=\"robots\" content=\"noindex, follow, max-snippet:-1, max-image-preview:large, max-video-preview:-1\" \/>\n<meta property=\"og:locale\" content=\"en_US\" \/>\n<meta property=\"og:locale:alternate\" content=\"de_CH_informal\" \/>\n<meta property=\"og:type\" content=\"article\" \/>\n<meta property=\"og:title\" content=\"Simeon Max\" \/>\n<meta property=\"og:description\" content=\"Simeon unterst\u00fctzt uns seit Juni 2024 als selbstst\u00e4ndiger Forestry and Land Use Expert mit Spezialisierung auf Klimawandel, Biodiversit\u00e4t und Forstwirtschaft. &hellip; Continue reading Simeon Max\" \/>\n<meta property=\"og:url\" content=\"https:\/\/dev.there-for-you.com\/en\/expertinnen\/simeonmax\/\" \/>\n<meta property=\"og:site_name\" content=\"there-for-you.com\" \/>\n<meta property=\"article:publisher\" content=\"https:\/\/www.facebook.com\/pg\/there.for.you.com.10\" \/>\n<meta property=\"article:modified_time\" content=\"2024-08-02T07:38:05+00:00\" \/>\n<meta property=\"og:image\" content=\"https:\/\/dev.there-for-you.com\/wp-content\/uploads\/2024\/07\/Bild_Simeon-Max-bearbeitet-quadrat.jpg\" \/>\n\t<meta property=\"og:image:width\" content=\"1080\" \/>\n\t<meta property=\"og:image:height\" content=\"1080\" \/>\n\t<meta property=\"og:image:type\" content=\"image\/jpeg\" \/>\n<meta name=\"twitter:card\" content=\"summary_large_image\" \/>\n<meta name=\"twitter:label1\" content=\"Est. reading time\" \/>\n\t<meta name=\"twitter:data1\" content=\"3 minutes\" \/>\n<script type=\"application\/ld+json\" class=\"yoast-schema-graph\">{\"@context\":\"https:\\\/\\\/schema.org\",\"@graph\":[{\"@type\":\"WebPage\",\"@id\":\"https:\\\/\\\/dev.there-for-you.com\\\/expertinnen\\\/simeonmax\\\/\",\"url\":\"https:\\\/\\\/dev.there-for-you.com\\\/expertinnen\\\/simeonmax\\\/\",\"name\":\"Simeon Max\",\"isPartOf\":{\"@id\":\"https:\\\/\\\/dev.there-for-you.com\\\/#website\"},\"primaryImageOfPage\":{\"@id\":\"https:\\\/\\\/dev.there-for-you.com\\\/expertinnen\\\/simeonmax\\\/#primaryimage\"},\"image\":{\"@id\":\"https:\\\/\\\/dev.there-for-you.com\\\/expertinnen\\\/simeonmax\\\/#primaryimage\"},\"thumbnailUrl\":\"https:\\\/\\\/dev.there-for-you.com\\\/wp-content\\\/uploads\\\/2024\\\/07\\\/Bild_Simeon-Max-bearbeitet-quadrat.jpg\",\"datePublished\":\"2024-05-31T09:14:59+00:00\",\"dateModified\":\"2024-08-02T07:38:05+00:00\",\"breadcrumb\":{\"@id\":\"https:\\\/\\\/dev.there-for-you.com\\\/expertinnen\\\/simeonmax\\\/#breadcrumb\"},\"inLanguage\":\"en-US\",\"potentialAction\":[{\"@type\":\"ReadAction\",\"target\":[\"https:\\\/\\\/dev.there-for-you.com\\\/expertinnen\\\/simeonmax\\\/\"]}]},{\"@type\":\"ImageObject\",\"inLanguage\":\"en-US\",\"@id\":\"https:\\\/\\\/dev.there-for-you.com\\\/expertinnen\\\/simeonmax\\\/#primaryimage\",\"url\":\"https:\\\/\\\/dev.there-for-you.com\\\/wp-content\\\/uploads\\\/2024\\\/07\\\/Bild_Simeon-Max-bearbeitet-quadrat.jpg\",\"contentUrl\":\"https:\\\/\\\/dev.there-for-you.com\\\/wp-content\\\/uploads\\\/2024\\\/07\\\/Bild_Simeon-Max-bearbeitet-quadrat.jpg\",\"width\":1080,\"height\":1080},{\"@type\":\"BreadcrumbList\",\"@id\":\"https:\\\/\\\/dev.there-for-you.com\\\/expertinnen\\\/simeonmax\\\/#breadcrumb\",\"itemListElement\":[{\"@type\":\"ListItem\",\"position\":1,\"name\":\"Home\",\"item\":\"https:\\\/\\\/dev.there-for-you.com\\\/\"},{\"@type\":\"ListItem\",\"position\":2,\"name\":\"Expert*innen\",\"item\":\"https:\\\/\\\/dev.there-for-you.com\\\/expertinnen\\\/\"},{\"@type\":\"ListItem\",\"position\":3,\"name\":\"Simeon Max\"}]},{\"@type\":\"WebSite\",\"@id\":\"https:\\\/\\\/dev.there-for-you.com\\\/#website\",\"url\":\"https:\\\/\\\/dev.there-for-you.com\\\/\",\"name\":\"there-for-you.com\",\"description\":\"Sharing is Caring\",\"publisher\":{\"@id\":\"https:\\\/\\\/dev.there-for-you.com\\\/#organization\"},\"potentialAction\":[{\"@type\":\"SearchAction\",\"target\":{\"@type\":\"EntryPoint\",\"urlTemplate\":\"https:\\\/\\\/dev.there-for-you.com\\\/?s={search_term_string}\"},\"query-input\":{\"@type\":\"PropertyValueSpecification\",\"valueRequired\":true,\"valueName\":\"search_term_string\"}}],\"inLanguage\":\"en-US\"},{\"@type\":\"Organization\",\"@id\":\"https:\\\/\\\/dev.there-for-you.com\\\/#organization\",\"name\":\"there-for-you.com\",\"url\":\"https:\\\/\\\/dev.there-for-you.com\\\/\",\"logo\":{\"@type\":\"ImageObject\",\"inLanguage\":\"en-US\",\"@id\":\"https:\\\/\\\/dev.there-for-you.com\\\/#\\\/schema\\\/logo\\\/image\\\/\",\"url\":\"https:\\\/\\\/www.there-for-you.com\\\/wp-content\\\/uploads\\\/2020\\\/04\\\/there_for_you_rgb.png\",\"contentUrl\":\"https:\\\/\\\/www.there-for-you.com\\\/wp-content\\\/uploads\\\/2020\\\/04\\\/there_for_you_rgb.png\",\"width\":201,\"height\":84,\"caption\":\"there-for-you.com\"},\"image\":{\"@id\":\"https:\\\/\\\/dev.there-for-you.com\\\/#\\\/schema\\\/logo\\\/image\\\/\"},\"sameAs\":[\"https:\\\/\\\/www.facebook.com\\\/pg\\\/there.for.you.com.10\"]}]}<\/script>\n<!-- \/ Yoast SEO plugin. -->","yoast_head_json":{"title":"Simeon Max &#8211; there-for-you.com","robots":{"index":"noindex","follow":"follow","max-snippet":"max-snippet:-1","max-image-preview":"max-image-preview:large","max-video-preview":"max-video-preview:-1"},"og_locale":"en_US","og_type":"article","og_title":"[:de]Simeon Max[:] - there-for-you.com","og_description":"Simeon unterst\u00fctzt uns seit Juni 2024 als selbstst\u00e4ndiger Forestry and Land Use Expert mit Spezialisierung auf Klimawandel, Biodiversit\u00e4t und Forstwirtschaft. &hellip; Continue reading Simeon Max","og_url":"https:\/\/dev.there-for-you.com\/en\/expertinnen\/simeonmax\/","og_site_name":"there-for-you.com","article_publisher":"https:\/\/www.facebook.com\/pg\/there.for.you.com.10","article_modified_time":"2024-08-02T07:38:05+00:00","og_image":[{"width":1080,"height":1080,"url":"https:\/\/dev.there-for-you.com\/wp-content\/uploads\/2024\/07\/Bild_Simeon-Max-bearbeitet-quadrat.jpg","type":"image\/jpeg"}],"twitter_card":"summary_large_image","twitter_misc":{"Est. reading time":"3 minutes"},"schema":{"@context":"https:\/\/schema.org","@graph":[{"@type":"WebPage","@id":"https:\/\/dev.there-for-you.com\/expertinnen\/simeonmax\/","url":"https:\/\/dev.there-for-you.com\/expertinnen\/simeonmax\/","name":"Simeon Max","isPartOf":{"@id":"https:\/\/dev.there-for-you.com\/#website"},"primaryImageOfPage":{"@id":"https:\/\/dev.there-for-you.com\/expertinnen\/simeonmax\/#primaryimage"},"image":{"@id":"https:\/\/dev.there-for-you.com\/expertinnen\/simeonmax\/#primaryimage"},"thumbnailUrl":"https:\/\/dev.there-for-you.com\/wp-content\/uploads\/2024\/07\/Bild_Simeon-Max-bearbeitet-quadrat.jpg","datePublished":"2024-05-31T09:14:59+00:00","dateModified":"2024-08-02T07:38:05+00:00","breadcrumb":{"@id":"https:\/\/dev.there-for-you.com\/expertinnen\/simeonmax\/#breadcrumb"},"inLanguage":"en-US","potentialAction":[{"@type":"ReadAction","target":["https:\/\/dev.there-for-you.com\/expertinnen\/simeonmax\/"]}]},{"@type":"ImageObject","inLanguage":"en-US","@id":"https:\/\/dev.there-for-you.com\/expertinnen\/simeonmax\/#primaryimage","url":"https:\/\/dev.there-for-you.com\/wp-content\/uploads\/2024\/07\/Bild_Simeon-Max-bearbeitet-quadrat.jpg","contentUrl":"https:\/\/dev.there-for-you.com\/wp-content\/uploads\/2024\/07\/Bild_Simeon-Max-bearbeitet-quadrat.jpg","width":1080,"height":1080},{"@type":"BreadcrumbList","@id":"https:\/\/dev.there-for-you.com\/expertinnen\/simeonmax\/#breadcrumb","itemListElement":[{"@type":"ListItem","position":1,"name":"Home","item":"https:\/\/dev.there-for-you.com\/"},{"@type":"ListItem","position":2,"name":"Expert*innen","item":"https:\/\/dev.there-for-you.com\/expertinnen\/"},{"@type":"ListItem","position":3,"name":"Simeon Max"}]},{"@type":"WebSite","@id":"https:\/\/dev.there-for-you.com\/#website","url":"https:\/\/dev.there-for-you.com\/","name":"there-for-you.com","description":"Sharing is Caring","publisher":{"@id":"https:\/\/dev.there-for-you.com\/#organization"},"potentialAction":[{"@type":"SearchAction","target":{"@type":"EntryPoint","urlTemplate":"https:\/\/dev.there-for-you.com\/?s={search_term_string}"},"query-input":{"@type":"PropertyValueSpecification","valueRequired":true,"valueName":"search_term_string"}}],"inLanguage":"en-US"},{"@type":"Organization","@id":"https:\/\/dev.there-for-you.com\/#organization","name":"there-for-you.com","url":"https:\/\/dev.there-for-you.com\/","logo":{"@type":"ImageObject","inLanguage":"en-US","@id":"https:\/\/dev.there-for-you.com\/#\/schema\/logo\/image\/","url":"https:\/\/www.there-for-you.com\/wp-content\/uploads\/2020\/04\/there_for_you_rgb.png","contentUrl":"https:\/\/www.there-for-you.com\/wp-content\/uploads\/2020\/04\/there_for_you_rgb.png","width":201,"height":84,"caption":"there-for-you.com"},"image":{"@id":"https:\/\/dev.there-for-you.com\/#\/schema\/logo\/image\/"},"sameAs":["https:\/\/www.facebook.com\/pg\/there.for.you.com.10"]}]}},"campaignId":"","_links":{"self":[{"href":"https:\/\/dev.there-for-you.com\/en\/wp-json\/wp\/v2\/pages\/20601","targetHints":{"allow":["GET"]}}],"collection":[{"href":"https:\/\/dev.there-for-you.com\/en\/wp-json\/wp\/v2\/pages"}],"about":[{"href":"https:\/\/dev.there-for-you.com\/en\/wp-json\/wp\/v2\/types\/page"}],"author":[{"embeddable":true,"href":"https:\/\/dev.there-for-you.com\/en\/wp-json\/wp\/v2\/users\/1369"}],"replies":[{"embeddable":true,"href":"https:\/\/dev.there-for-you.com\/en\/wp-json\/wp\/v2\/comments?post=20601"}],"version-history":[{"count":16,"href":"https:\/\/dev.there-for-you.com\/en\/wp-json\/wp\/v2\/pages\/20601\/revisions"}],"predecessor-version":[{"id":20735,"href":"https:\/\/dev.there-for-you.com\/en\/wp-json\/wp\/v2\/pages\/20601\/revisions\/20735"}],"up":[{"embeddable":true,"href":"https:\/\/dev.there-for-you.com\/en\/wp-json\/wp\/v2\/pages\/20593"}],"wp:featuredmedia":[{"embeddable":true,"href":"https:\/\/dev.there-for-you.com\/en\/wp-json\/wp\/v2\/media\/20715"}],"wp:attachment":[{"href":"https:\/\/dev.there-for-you.com\/en\/wp-json\/wp\/v2\/media?parent=20601"}],"wp:term":[{"taxonomy":"post_tag","embeddable":true,"href":"https:\/\/dev.there-for-you.com\/en\/wp-json\/wp\/v2\/tags?post=20601"}],"curies":[{"name":"wp","href":"https:\/\/api.w.org\/{rel}","templated":true}]}}