{"id":20791,"date":"2024-08-02T14:12:09","date_gmt":"2024-08-02T12:12:09","guid":{"rendered":"https:\/\/dev.there-for-you.com\/?page_id=20791"},"modified":"2024-08-02T14:12:09","modified_gmt":"2024-08-02T12:12:09","slug":"simeon","status":"publish","type":"page","link":"https:\/\/dev.there-for-you.com\/en\/expertinnen\/simeon\/","title":{"rendered":"Simeon"},"content":{"rendered":"\n<p>Simeon unterst\u00fctzt uns seit Juni 2024 als selbstst\u00e4ndiger Forestry and Land Use Expert mit Spezialisierung auf Klimawandel, Biodiversit\u00e4t und Forstwirtschaft. Dank seines grossen Fachwissens und umfassenden Netzwerks leistet er wertvolle Beitr\u00e4ge zu unseren Projekten im Bereich Klimaschutz. Erfahre mehr \u00fcber Simeon im nachfolgenden Interview.<\/p>\n","protected":false},"excerpt":{"rendered":"<p>Simeon unterst\u00fctzt uns seit Juni 2024 als selbstst\u00e4ndiger Forestry and Land Use Expert mit Spezialisierung auf Klimawandel, Biodiversit\u00e4t und Forstwirtschaft. &hellip; <a href=\"https:\/\/dev.there-for-you.com\/en\/expertinnen\/simeon\/\" class=\"more-link\">Continue reading <span class=\"screen-reader-text\">Simeon<\/span><\/a><\/p>\n","protected":false},"author":9230,"featured_media":20715,"parent":20593,"menu_order":0,"comment_status":"closed","ping_status":"closed","template":"page-templates\/partner-detail.php","meta":{"_acf_changed":false,"give_campaign_id":0,"footnotes":""},"tags":[],"class_list":["post-20791","page","type-page","status-publish","has-post-thumbnail","hentry"],"acf":[],"yoast_head":"<!-- This site is optimized with the Yoast SEO plugin v27.4 - https:\/\/yoast.com\/product\/yoast-seo-wordpress\/ -->\n<title>Simeon &#8211; there-for-you.com<\/title>\n<meta name=\"robots\" content=\"noindex, follow, max-snippet:-1, max-image-preview:large, max-video-preview:-1\" \/>\n<meta property=\"og:locale\" content=\"en_US\" \/>\n<meta property=\"og:locale:alternate\" content=\"de_CH_informal\" \/>\n<meta property=\"og:type\" content=\"article\" \/>\n<meta property=\"og:title\" content=\"Simeon\" \/>\n<meta property=\"og:description\" content=\"Simeon unterst\u00fctzt uns seit Juni 2024 als selbstst\u00e4ndiger Forestry and Land Use Expert mit Spezialisierung auf Klimawandel, Biodiversit\u00e4t und Forstwirtschaft. &hellip; Continue reading Simeon\" \/>\n<meta property=\"og:url\" content=\"https:\/\/dev.there-for-you.com\/en\/expertinnen\/simeon\/\" \/>\n<meta property=\"og:site_name\" content=\"there-for-you.com\" \/>\n<meta property=\"article:publisher\" content=\"https:\/\/www.facebook.com\/pg\/there.for.you.com.10\" \/>\n<meta property=\"og:image\" content=\"https:\/\/dev.there-for-you.com\/wp-content\/uploads\/2024\/07\/Bild_Simeon-Max-bearbeitet-quadrat.jpg\" \/>\n\t<meta property=\"og:image:width\" content=\"1080\" \/>\n\t<meta property=\"og:image:height\" content=\"1080\" \/>\n\t<meta property=\"og:image:type\" content=\"image\/jpeg\" \/>\n<meta name=\"twitter:card\" content=\"summary_large_image\" \/>\n<meta name=\"twitter:label1\" content=\"Est. reading time\" \/>\n\t<meta name=\"twitter:data1\" content=\"1 minute\" \/>\n<script type=\"application\/ld+json\" class=\"yoast-schema-graph\">{\"@context\":\"https:\\\/\\\/schema.org\",\"@graph\":[{\"@type\":\"WebPage\",\"@id\":\"https:\\\/\\\/dev.there-for-you.com\\\/expertinnen\\\/simeon\\\/\",\"url\":\"https:\\\/\\\/dev.there-for-you.com\\\/expertinnen\\\/simeon\\\/\",\"name\":\"Simeon\",\"isPartOf\":{\"@id\":\"https:\\\/\\\/dev.there-for-you.com\\\/#website\"},\"primaryImageOfPage\":{\"@id\":\"https:\\\/\\\/dev.there-for-you.com\\\/expertinnen\\\/simeon\\\/#primaryimage\"},\"image\":{\"@id\":\"https:\\\/\\\/dev.there-for-you.com\\\/expertinnen\\\/simeon\\\/#primaryimage\"},\"thumbnailUrl\":\"https:\\\/\\\/dev.there-for-you.com\\\/wp-content\\\/uploads\\\/2024\\\/07\\\/Bild_Simeon-Max-bearbeitet-quadrat.jpg\",\"datePublished\":\"2024-08-02T12:12:09+00:00\",\"breadcrumb\":{\"@id\":\"https:\\\/\\\/dev.there-for-you.com\\\/expertinnen\\\/simeon\\\/#breadcrumb\"},\"inLanguage\":\"en-US\",\"potentialAction\":[{\"@type\":\"ReadAction\",\"target\":[\"https:\\\/\\\/dev.there-for-you.com\\\/expertinnen\\\/simeon\\\/\"]}]},{\"@type\":\"ImageObject\",\"inLanguage\":\"en-US\",\"@id\":\"https:\\\/\\\/dev.there-for-you.com\\\/expertinnen\\\/simeon\\\/#primaryimage\",\"url\":\"https:\\\/\\\/dev.there-for-you.com\\\/wp-content\\\/uploads\\\/2024\\\/07\\\/Bild_Simeon-Max-bearbeitet-quadrat.jpg\",\"contentUrl\":\"https:\\\/\\\/dev.there-for-you.com\\\/wp-content\\\/uploads\\\/2024\\\/07\\\/Bild_Simeon-Max-bearbeitet-quadrat.jpg\",\"width\":1080,\"height\":1080},{\"@type\":\"BreadcrumbList\",\"@id\":\"https:\\\/\\\/dev.there-for-you.com\\\/expertinnen\\\/simeon\\\/#breadcrumb\",\"itemListElement\":[{\"@type\":\"ListItem\",\"position\":1,\"name\":\"Home\",\"item\":\"https:\\\/\\\/dev.there-for-you.com\\\/\"},{\"@type\":\"ListItem\",\"position\":2,\"name\":\"Expert*innen\",\"item\":\"https:\\\/\\\/dev.there-for-you.com\\\/expertinnen\\\/\"},{\"@type\":\"ListItem\",\"position\":3,\"name\":\"Simeon\"}]},{\"@type\":\"WebSite\",\"@id\":\"https:\\\/\\\/dev.there-for-you.com\\\/#website\",\"url\":\"https:\\\/\\\/dev.there-for-you.com\\\/\",\"name\":\"there-for-you.com\",\"description\":\"Sharing is Caring\",\"publisher\":{\"@id\":\"https:\\\/\\\/dev.there-for-you.com\\\/#organization\"},\"potentialAction\":[{\"@type\":\"SearchAction\",\"target\":{\"@type\":\"EntryPoint\",\"urlTemplate\":\"https:\\\/\\\/dev.there-for-you.com\\\/?s={search_term_string}\"},\"query-input\":{\"@type\":\"PropertyValueSpecification\",\"valueRequired\":true,\"valueName\":\"search_term_string\"}}],\"inLanguage\":\"en-US\"},{\"@type\":\"Organization\",\"@id\":\"https:\\\/\\\/dev.there-for-you.com\\\/#organization\",\"name\":\"there-for-you.com\",\"url\":\"https:\\\/\\\/dev.there-for-you.com\\\/\",\"logo\":{\"@type\":\"ImageObject\",\"inLanguage\":\"en-US\",\"@id\":\"https:\\\/\\\/dev.there-for-you.com\\\/#\\\/schema\\\/logo\\\/image\\\/\",\"url\":\"https:\\\/\\\/www.there-for-you.com\\\/wp-content\\\/uploads\\\/2020\\\/04\\\/there_for_you_rgb.png\",\"contentUrl\":\"https:\\\/\\\/www.there-for-you.com\\\/wp-content\\\/uploads\\\/2020\\\/04\\\/there_for_you_rgb.png\",\"width\":201,\"height\":84,\"caption\":\"there-for-you.com\"},\"image\":{\"@id\":\"https:\\\/\\\/dev.there-for-you.com\\\/#\\\/schema\\\/logo\\\/image\\\/\"},\"sameAs\":[\"https:\\\/\\\/www.facebook.com\\\/pg\\\/there.for.you.com.10\"]}]}<\/script>\n<!-- \/ Yoast SEO plugin. -->","yoast_head_json":{"title":"Simeon &#8211; there-for-you.com","robots":{"index":"noindex","follow":"follow","max-snippet":"max-snippet:-1","max-image-preview":"max-image-preview:large","max-video-preview":"max-video-preview:-1"},"og_locale":"en_US","og_type":"article","og_title":"[:de]Simeon[:] - there-for-you.com","og_description":"Simeon unterst\u00fctzt uns seit Juni 2024 als selbstst\u00e4ndiger Forestry and Land Use Expert mit Spezialisierung auf Klimawandel, Biodiversit\u00e4t und Forstwirtschaft. &hellip; Continue reading Simeon","og_url":"https:\/\/dev.there-for-you.com\/en\/expertinnen\/simeon\/","og_site_name":"there-for-you.com","article_publisher":"https:\/\/www.facebook.com\/pg\/there.for.you.com.10","og_image":[{"width":1080,"height":1080,"url":"https:\/\/dev.there-for-you.com\/wp-content\/uploads\/2024\/07\/Bild_Simeon-Max-bearbeitet-quadrat.jpg","type":"image\/jpeg"}],"twitter_card":"summary_large_image","twitter_misc":{"Est. reading time":"1 minute"},"schema":{"@context":"https:\/\/schema.org","@graph":[{"@type":"WebPage","@id":"https:\/\/dev.there-for-you.com\/expertinnen\/simeon\/","url":"https:\/\/dev.there-for-you.com\/expertinnen\/simeon\/","name":"Simeon","isPartOf":{"@id":"https:\/\/dev.there-for-you.com\/#website"},"primaryImageOfPage":{"@id":"https:\/\/dev.there-for-you.com\/expertinnen\/simeon\/#primaryimage"},"image":{"@id":"https:\/\/dev.there-for-you.com\/expertinnen\/simeon\/#primaryimage"},"thumbnailUrl":"https:\/\/dev.there-for-you.com\/wp-content\/uploads\/2024\/07\/Bild_Simeon-Max-bearbeitet-quadrat.jpg","datePublished":"2024-08-02T12:12:09+00:00","breadcrumb":{"@id":"https:\/\/dev.there-for-you.com\/expertinnen\/simeon\/#breadcrumb"},"inLanguage":"en-US","potentialAction":[{"@type":"ReadAction","target":["https:\/\/dev.there-for-you.com\/expertinnen\/simeon\/"]}]},{"@type":"ImageObject","inLanguage":"en-US","@id":"https:\/\/dev.there-for-you.com\/expertinnen\/simeon\/#primaryimage","url":"https:\/\/dev.there-for-you.com\/wp-content\/uploads\/2024\/07\/Bild_Simeon-Max-bearbeitet-quadrat.jpg","contentUrl":"https:\/\/dev.there-for-you.com\/wp-content\/uploads\/2024\/07\/Bild_Simeon-Max-bearbeitet-quadrat.jpg","width":1080,"height":1080},{"@type":"BreadcrumbList","@id":"https:\/\/dev.there-for-you.com\/expertinnen\/simeon\/#breadcrumb","itemListElement":[{"@type":"ListItem","position":1,"name":"Home","item":"https:\/\/dev.there-for-you.com\/"},{"@type":"ListItem","position":2,"name":"Expert*innen","item":"https:\/\/dev.there-for-you.com\/expertinnen\/"},{"@type":"ListItem","position":3,"name":"Simeon"}]},{"@type":"WebSite","@id":"https:\/\/dev.there-for-you.com\/#website","url":"https:\/\/dev.there-for-you.com\/","name":"there-for-you.com","description":"Sharing is Caring","publisher":{"@id":"https:\/\/dev.there-for-you.com\/#organization"},"potentialAction":[{"@type":"SearchAction","target":{"@type":"EntryPoint","urlTemplate":"https:\/\/dev.there-for-you.com\/?s={search_term_string}"},"query-input":{"@type":"PropertyValueSpecification","valueRequired":true,"valueName":"search_term_string"}}],"inLanguage":"en-US"},{"@type":"Organization","@id":"https:\/\/dev.there-for-you.com\/#organization","name":"there-for-you.com","url":"https:\/\/dev.there-for-you.com\/","logo":{"@type":"ImageObject","inLanguage":"en-US","@id":"https:\/\/dev.there-for-you.com\/#\/schema\/logo\/image\/","url":"https:\/\/www.there-for-you.com\/wp-content\/uploads\/2020\/04\/there_for_you_rgb.png","contentUrl":"https:\/\/www.there-for-you.com\/wp-content\/uploads\/2020\/04\/there_for_you_rgb.png","width":201,"height":84,"caption":"there-for-you.com"},"image":{"@id":"https:\/\/dev.there-for-you.com\/#\/schema\/logo\/image\/"},"sameAs":["https:\/\/www.facebook.com\/pg\/there.for.you.com.10"]}]}},"campaignId":"","_links":{"self":[{"href":"https:\/\/dev.there-for-you.com\/en\/wp-json\/wp\/v2\/pages\/20791","targetHints":{"allow":["GET"]}}],"collection":[{"href":"https:\/\/dev.there-for-you.com\/en\/wp-json\/wp\/v2\/pages"}],"about":[{"href":"https:\/\/dev.there-for-you.com\/en\/wp-json\/wp\/v2\/types\/page"}],"author":[{"embeddable":true,"href":"https:\/\/dev.there-for-you.com\/en\/wp-json\/wp\/v2\/users\/9230"}],"replies":[{"embeddable":true,"href":"https:\/\/dev.there-for-you.com\/en\/wp-json\/wp\/v2\/comments?post=20791"}],"version-history":[{"count":1,"href":"https:\/\/dev.there-for-you.com\/en\/wp-json\/wp\/v2\/pages\/20791\/revisions"}],"predecessor-version":[{"id":20792,"href":"https:\/\/dev.there-for-you.com\/en\/wp-json\/wp\/v2\/pages\/20791\/revisions\/20792"}],"up":[{"embeddable":true,"href":"https:\/\/dev.there-for-you.com\/en\/wp-json\/wp\/v2\/pages\/20593"}],"wp:featuredmedia":[{"embeddable":true,"href":"https:\/\/dev.there-for-you.com\/en\/wp-json\/wp\/v2\/media\/20715"}],"wp:attachment":[{"href":"https:\/\/dev.there-for-you.com\/en\/wp-json\/wp\/v2\/media?parent=20791"}],"wp:term":[{"taxonomy":"post_tag","embeddable":true,"href":"https:\/\/dev.there-for-you.com\/en\/wp-json\/wp\/v2\/tags?post=20791"}],"curies":[{"name":"wp","href":"https:\/\/api.w.org\/{rel}","templated":true}]}}